{"id":366,"date":"2021-04-22T17:31:07","date_gmt":"2021-04-22T17:31:07","guid":{"rendered":"https:\/\/www.batlleferrerabogados.com\/?page_id=366"},"modified":"2021-04-22T17:36:35","modified_gmt":"2021-04-22T17:36:35","slug":"aviso-legal","status":"publish","type":"page","link":"https:\/\/www.batlleferrerabogados.com\/ca\/aviso-legal\/","title":{"rendered":"Aviso Legal"},"content":{"rendered":"<div class=\"row\"  id=\"row-1020079903\">\n\n\t<div id=\"col-1846222928\" class=\"col small-12 large-12\"  >\n\t\t<div class=\"col-inner\"  >\n\t\t\t\n\t\t\t\n\t<div id=\"gap-93650171\" class=\"gap-element clearfix\" style=\"display:block; height:auto;\">\n\t\t\n<style>\n#gap-93650171 {\n  padding-top: 30px;\n}\n<\/style>\n\t<\/div>\n\t\n<h2>Av\u00eds Legal<\/h2>\n<p>En compliment de l&#8217;article 10 de la Llei 34\/2002, de 11 de juliol, de Serveis de la Societat de la Informaci\u00f3 i Comer\u00e7 Electr\u00f2nic (LSSICE) a continuaci\u00f3 es detallen les dades identificatives de l&#8217;empresa:<\/p>\n<p>Nom empresa: BATLLE FERRER ADVOCATS<\/p>\n<p>Ra\u00f3 social: BATLLE FERRER<\/p>\n<p>NIF: ES52623923S<\/p>\n<p>Direcci\u00f3: Tirso de Molina, 36 Plta 2 08940 Cornell\u00e0 de Llobregat, Barcelona<\/p>\n<p>Tel\u00e8fon: 934454344<\/p>\n<p>E-mail: info@batlleferrerabogados.com<\/p>\n<p>El present av\u00eds legal (d&#8217;ara endavant, el \u00abAv\u00eds Legal\u00bb) regula l&#8217;\u00fas del lloc web: www.batlleferrerabogados.com<\/p>\n<p>\u00a0<\/p>\n<h3><strong>\u00daS I ACC\u00c9S D&#8217;USUARIS<\/strong><\/h3>\n<p>L&#8217;Usuari queda informat, i accepta, que l&#8217;acc\u00e9s a la present web no suposa, de cap manera, l&#8217;inici d&#8217;una relaci\u00f3 comercial amb Batlle Ferrer advocats o qualsevol de les seves delegacions.<\/p>\n<p>\u00a0<\/p>\n<h3>Propietat intel\u00b7lectual i industrial.<\/h3>\n<p>Els drets de propietat intel\u00b7lectual de l&#8217;contingut de les p\u00e0gines web, el seu disseny gr\u00e0fic i codis s\u00f3n titularitat de Batlle Ferrer Advocats i, per tant, queda prohibida la seva reproducci\u00f3, distribuci\u00f3, comunicaci\u00f3 p\u00fablica, transformaci\u00f3 o qualsevol altra activitat que es pugui realitzar amb els continguts de les seves p\u00e0gines web ni encara citant les fonts, excepte consentiment per escrit de Batlle Ferrer Advocats. L&#8217;usuari, \u00fanicament i exclusivament, pot utilitzar el material que aparegui en aquest lloc web per al seu \u00fas personal i privat, quedant prohibit el seu \u00fas amb fins comercials o per a inc\u00f3rrer en activitats contr\u00e0ries a la llei.<\/p>\n<p>\u00a0<\/p>\n<h3>CONDICIONS D&#8217;UTILITZACI\u00d3<\/h3>\n<p>La utilitzaci\u00f3 de la p\u00e0gina web www.batlleferrerabogados.com implica l&#8217;acceptaci\u00f3 plena i sense reserves de totes i cadascuna de les disposicions incloses en aquest Av\u00eds Legal en la versi\u00f3 publicada per Batlle Ferrer Advocats en el moment mateix en qu\u00e8 l&#8217;Usuari accedeixi a la p\u00e0gina.<\/p>\n<p>\u00a0<\/p>\n<p>En conseq\u00fc\u00e8ncia, l&#8217;usuari ha de llegir atentament el present Av\u00eds Legal.<\/p>\n<ul>\n<li>Batlle Ferrer Advocats podr\u00e0 modificar o actualitzar, sense previ av\u00eds, la informaci\u00f3 continguda al seu lloc web, aix\u00ed com la seva configuraci\u00f3, presentaci\u00f3 i condicions d&#8217;acc\u00e9s.<\/li>\n<li>Batlle Ferrer Advocats no garanteix la inexist\u00e8ncia d&#8217;interrupcions o errors en l&#8217;acc\u00e9s a al web, en el seu contingut, ni que aquest es trobi actualitzat, encara que desenvolupar\u00e0 els seus millors esfor\u00e7os per a, si escau, evitar-los, resoldre&#8217;ls o actualitzar-<\/li>\n<li>L&#8217;Usuari es compromet a utilitzar la p\u00e0gina web de conformitat amb la llei i el present Av\u00eds Legal, aix\u00ed com amb la moral i els bons costums generalment acceptats i l&#8217;ordre p\u00fablic.<\/li>\n<li>Batlle Ferrer Advocats garanteix que tots els continguts i serveis que s&#8217;ofereixen a www.batlleferrerabogados.com respecten el principi de dignitat de la persona, el principi de no-discriminaci\u00f3 per motius de ra\u00e7a, sexe, religi\u00f3, opini\u00f3, nacionalitat, discapacitat o qualsevol altra circumst\u00e0ncia personal i social, aix\u00ed com el principi de protecci\u00f3 de la joventut i de la inf\u00e0ncia.<\/li>\n<li>Batlle Ferrer Advocats es compromet, a trav\u00e9s d&#8217;aquest mitj\u00e0, a no realitzar publicitat enganyosa. No seran considerats com a publicitat enganyosa els errors formals o num\u00e8rics que puguin trobar al llarg de l&#8217;contingut de les diferents seccions de la web. Batlle Ferrer Advocats es compromet a corregir tan aviat com tingui coneixement d&#8217;aquests errors.<\/li>\n<li>Batlle Ferrer Advocats es compromet a NO REMETRE COMUNICACIONS COMERCIALS SENSE identificats com a tals, conforme al que disposa la Llei 34\/2002 de Serveis de la Societat de la Informaci\u00f3 i de comer\u00e7 electr\u00f2nic. No ser\u00e0 considerada com comunicaci\u00f3 comercial tota la informaci\u00f3 que s&#8217;envi\u00ef als clients de Batlle Ferrer Advocats sempre que tingui per finalitat el manteniment de la relaci\u00f3 contractual existent entre client i Batlle Ferrer Advocats aix\u00ed com l&#8217;acompliment de tasques d&#8217;informaci\u00f3 i altres activitats pr\u00f2pies de l&#8217; servei que el client t\u00e9 contractat amb l&#8217;empresa.<\/li>\n<li>Tant l&#8217;acc\u00e9s a aquesta web, com l&#8217;\u00fas que pugui fer de la informaci\u00f3 continguda en la mateixa \u00e9s de l&#8217;exclusiva responsabilitat de qui ho realitza. Batlle Ferrer Advocats no respondr\u00e0 de cap conseq\u00fc\u00e8ncia, dany o perjudici que poguessin derivar d&#8217;aquest acc\u00e9s o \u00fas de la informaci\u00f3. Batlle Ferrer Advocats no es fa responsable dels possibles errors de seguretat que es puguin produir ni dels possibles danys que puguin causar-se a el sistema inform\u00e0tic de l&#8217;usuari (maquinari i programari), els fitxers o documents emmagatzemats en el mateix, com a conseq\u00fc\u00e8ncia de la pres\u00e8ncia de virus a l&#8217;ordinador de l&#8217;usuari utilitzat per la connexi\u00f3 als serveis i continguts del web, d&#8217;un mal funcionament de el navegador o de l&#8217;\u00fas de versions no actualitzades d&#8217;aquest.<\/li>\n<li>Tot enlla\u00e7 de tercers a aquest web ha de ser a la seva p\u00e0gina principal o d&#8217;entrada<\/li>\n<li>\n<p>Batlle Ferrer Advocats i l&#8217;usuari, amb ren\u00fancia expressa a qualsevol altre fur, se sotmeten a el dels jutjats i tribunals de Barcelona (Espanya) per a qualsevol controv\u00e8rsia que pogu\u00e9s derivar-se de l&#8217;acc\u00e9s a aquest web. En el cas que l&#8217;usuari tingui el seu domicili fora d&#8217;Espanya, Batlle Ferrer Advocats i l&#8217;usuari se sotmeten, amb ren\u00fancia expressa a qualsevol altre fur, als jutjats i tribunals de la ciutat de Barcelona (Espanya).<\/p>\n<\/li>\n<li>\n<p>Batlle Ferrer Advocats utilitza cookies a la seva p\u00e0gina, la navegaci\u00f3 per la p\u00e0gina www.batlleferrerabogados.com \u00e9s an\u00f2nima, \u00fanicament es registra informaci\u00f3 sobre el nombre de visites, hores, etc. en els fitxers hist\u00f2rics o logs amb fins exclusivament estad\u00edstics. Vost\u00e8, pot desactivar les cookies des del seu ordinador, per\u00f2 no li garantim el correcte funcionament de la p\u00e0gina web.<\/p>\n<p>\u00a0<\/p>\n<h3>PROCEDIMENT EN CAS DE REALITZACI\u00d3 D&#8217;ACTIVITATS DE CAR\u00c0CTER IL\u00b7L\u00cdCIT<\/h3>\n<p>En el cas que qualsevol usuari o un tercer consideri que existeixen fets o circumst\u00e0ncies que revelin el car\u00e0cter il\u00b7l\u00edcit de la utilitzaci\u00f3 de qualsevol contingut i \/ o de la realitzaci\u00f3 de qualsevol activitat en les p\u00e0gines web incloses o accessibles a trav\u00e9s del lloc web, haur\u00e0 enviar una notificaci\u00f3 a l&#8217;propietari del web identificant-se degudament, especificant les suposades infraccions i declarant expressament i sota la seva responsabilitat que la informaci\u00f3 proporcionada en la notificaci\u00f3 \u00e9s exacta.<\/p>\n<p>Per a tota q\u00fcesti\u00f3 litigiosa que incumbeixi a la p\u00e0gina web de l&#8217;propietari del web, s&#8217;aplicar\u00e0 la legislaci\u00f3 espanyola, sent competents els Jutjats i Tribunals de Barcelona (Espanya).<\/p>\n<\/li>\n<\/ul>\n\t\t<\/div>\n\t\t\t<\/div>\n\n\t\n<\/div>\n","protected":false},"excerpt":{"rendered":"","protected":false},"author":2,"featured_media":0,"parent":0,"menu_order":0,"comment_status":"closed","ping_status":"closed","template":"page-blank.php","meta":{"content-type":"","_joinchat":[],"footnotes":""},"class_list":["post-366","page","type-page","status-publish","hentry"],"_links":{"self":[{"href":"https:\/\/www.batlleferrerabogados.com\/ca\/wp-json\/wp\/v2\/pages\/366","targetHints":{"allow":["GET"]}}],"collection":[{"href":"https:\/\/www.batlleferrerabogados.com\/ca\/wp-json\/wp\/v2\/pages"}],"about":[{"href":"https:\/\/www.batlleferrerabogados.com\/ca\/wp-json\/wp\/v2\/types\/page"}],"author":[{"embeddable":true,"href":"https:\/\/www.batlleferrerabogados.com\/ca\/wp-json\/wp\/v2\/users\/2"}],"replies":[{"embeddable":true,"href":"https:\/\/www.batlleferrerabogados.com\/ca\/wp-json\/wp\/v2\/comments?post=366"}],"version-history":[{"count":0,"href":"https:\/\/www.batlleferrerabogados.com\/ca\/wp-json\/wp\/v2\/pages\/366\/revisions"}],"wp:attachment":[{"href":"https:\/\/www.batlleferrerabogados.com\/ca\/wp-json\/wp\/v2\/media?parent=366"}],"curies":[{"name":"wp","href":"https:\/\/api.w.org\/{rel}","templated":true}]}}