{"id":395,"date":"2021-04-23T08:35:54","date_gmt":"2021-04-23T08:35:54","guid":{"rendered":"https:\/\/www.batlleferrerabogados.com\/?page_id=395"},"modified":"2026-03-17T11:50:20","modified_gmt":"2026-03-17T11:50:20","slug":"equip","status":"publish","type":"page","link":"https:\/\/www.batlleferrerabogados.com\/ca\/equip\/","title":{"rendered":"EQUIP"},"content":{"rendered":"\t<section class=\"section\" id=\"section_1198762884\">\n\t\t<div class=\"bg section-bg fill bg-fill  \" >\n\n\t\t\t\n\t\t\t<div class=\"section-bg-overlay absolute fill\"><\/div>\n\t\t\t\n\n\t\t<\/div>\n\n\t\t<div class=\"section-content relative\">\n\t\t\t\n<div class=\"row\" style=\"max-width:1200px\" id=\"row-2097084810\">\n\n\t<div id=\"col-247945443\" class=\"col medium-5 small-12 large-5\"  >\n\t\t<div class=\"col-inner\"  >\n\t\t\t\n\t\t\t\n\t<div id=\"gap-1711483346\" class=\"gap-element clearfix\" style=\"display:block; height:auto;\">\n\t\t\n<style>\n#gap-1711483346 {\n  padding-top: 0px;\n}\n@media (min-width:850px) {\n  #gap-1711483346 {\n    padding-top: 30px;\n  }\n}\n<\/style>\n\t<\/div>\n\t\n\t\t<\/div>\n\t\t\t<\/div>\n\n\t\n\n\t<div id=\"col-361026665\" class=\"col medium-12 small-12 large-7\"  >\n\t\t<div class=\"col-inner dark\"  >\n\t\t\t\n\t\t\t\n\t<div id=\"gap-1602754461\" class=\"gap-element clearfix\" style=\"display:block; height:auto;\">\n\t\t\n<style>\n#gap-1602754461 {\n  padding-top: 30px;\n}\n<\/style>\n\t<\/div>\n\t\n<h1><span style=\"font-size: 14px;\">EL MILLOR EQUIP HUM\u00c0 AL TEU SERVEI&#8230;<\/span><\/h1>\n<h2>Experi\u00e8ncia Contrastada<\/h2>\n<h2>Tracte personalitzat i Proper<\/h2>\n<h2>Enfocament Multidisciplinar<\/h2>\n\t\t<\/div>\n\t\t\n<style>\n#col-361026665 > .col-inner {\n  padding: 0px 0px 0px 0;\n}\n@media (min-width:550px) {\n  #col-361026665 > .col-inner {\n    padding: 0px 0px 0px 30px;\n  }\n}\n<\/style>\n\t<\/div>\n\n\t\n<\/div>\n\t\t<\/div>\n\n\t\t\n<style>\n#section_1198762884 {\n  padding-top: 30px;\n  padding-bottom: 30px;\n  min-height: 382px;\n}\n#section_1198762884 .section-bg-overlay {\n  background-color: rgba(0, 48, 86, 0.7);\n}\n#section_1198762884 .section-bg.bg-loaded {\n  background-image: url(https:\/\/www.batlleferrerabogados.com\/wp-content\/uploads\/2021\/03\/4-scaled.jpg);\n}\n#section_1198762884 .section-bg {\n  background-position: 65% 100%;\n}\n@media (min-width:550px) {\n  #section_1198762884 {\n    min-height: 487px;\n  }\n}\n@media (min-width:850px) {\n  #section_1198762884 {\n    min-height: 500px;\n  }\n}\n<\/style>\n\t<\/section>\n\t\n<div class=\"row\" style=\"max-width:1200px\" id=\"row-174162238\">\n\n\t<div id=\"col-537261385\" class=\"col medium-12 small-12 large-5\"  >\n\t\t<div class=\"col-inner\"  >\n\t\t\t\n\t\t\t\n\n  <div class=\"banner has-hover\" id=\"banner-821136021\">\n          <div class=\"banner-inner fill\">\n        <div class=\"banner-bg fill\" >\n            <div class=\"bg fill bg-fill \"><\/div>\n                                    \n                    <\/div>\n        <div class=\"banner-layers container\">\n            <div class=\"fill banner-link\"><\/div>            \n        <\/div>\n      <\/div>\n\n              <div class=\"height-fix is-invisible\"><img decoding=\"async\" width=\"769\" height=\"1024\" src=\"https:\/\/www.batlleferrerabogados.com\/wp-content\/uploads\/2021\/03\/iphone2.jpg\" class=\"attachment-original size-original\" alt=\"Jaume Batlle, advocat especialista en dret bancari, civil i concursal a Barcelona.\" srcset=\"https:\/\/www.batlleferrerabogados.com\/wp-content\/uploads\/2021\/03\/iphone2.jpg 769w, https:\/\/www.batlleferrerabogados.com\/wp-content\/uploads\/2021\/03\/iphone2-225x300.jpg 225w\" sizes=\"(max-width: 769px) 100vw, 769px\" \/><\/div>\n            \n<style>\n#banner-821136021 .bg.bg-loaded {\n  background-image: url(https:\/\/www.batlleferrerabogados.com\/wp-content\/uploads\/2021\/03\/iphone2.jpg);\n}\n#banner-821136021 {\n  background-color: rgb(255, 255, 255);\n}\n#banner-821136021 .bg {\n  background-position: 50% 56%;\n}\n<\/style>\n  <\/div>\n\n\n\t<div id=\"gap-16025530\" class=\"gap-element clearfix\" style=\"display:block; height:auto;\">\n\t\t\n<style>\n#gap-16025530 {\n  padding-top: 0px;\n}\n@media (min-width:850px) {\n  #gap-16025530 {\n    padding-top: 100px;\n  }\n}\n<\/style>\n\t<\/div>\n\t\n\t\t<\/div>\n\t\t\n<style>\n#col-537261385 > .col-inner {\n  margin: -100px 0px 0px 0px;\n}\n@media (min-width:550px) {\n  #col-537261385 > .col-inner {\n    margin: -150px 0px 0px 0px;\n  }\n}\n<\/style>\n\t<\/div>\n\n\t\n\n\t<div id=\"col-1147070457\" class=\"col medium-11 small-12 large-7\"  >\n\t\t<div class=\"col-inner\"  >\n\t\t\t\n\t\t\t\n<p>BATLLE FERRER ADVOCATS som un bufet amb seu a Cornell\u00e0 de Llobregat (Barcelona) fundat per Jaume Batlle, <strong>advocat amb una extensa traject\u00f2ria professional en el Dret Bancari, Civil i Concursal<\/strong>. El despatx est\u00e0 focalitzat en oferir un assessorament integral a particulars i empreses, en qu\u00e8 la proximitat, la professionalitat i el tracte personalitzat\u00a0 en s\u00f3n els elements identificadors.<\/p>\n<p>Estem <strong>especialitzats a la Llei de la Segona Oportunitat<\/strong>, oferint el nostre assessorament a persones que es troben en situaci\u00f3 de sobreendeutament sense poder fer front als pagaments mensuals. Gr\u00e0cies a la Llei de la Segona Oportunitat i a l&#8217;experta gesti\u00f3 dels nostres advocats poden acabar amb l&#8217;angoixa que els provoquen els seus deutes i tornar a comen\u00e7ar de nou sense haver d&#8217;arrossegar la c\u00e0rrega del passat o viure en la clandestinitat econ\u00f2mica pels embargaments acumulats.<\/p>\n<p>Pel que fa al Dret Bancari, la nostra \u00e0rea d&#8217;especialitzaci\u00f3 abasta tamb\u00e9 les targetes revolving, la reclamaci\u00f3 de cl\u00e0usules abusives i les execucions hipotec\u00e0ries.<\/p>\n<p>La llarga experi\u00e8ncia a l&#8217;exercici del Dret ens capacita per tal d&#8217;oferir assessorament a diverses \u00e0rees de treball, incloent-hi el Dret Civil, Dret Mercantil i Dret Concursal. Els nostres clients, despr\u00e9s dels bons resultats obtinguts en els seus procediments, confien en nosaltres la ressoluci\u00f3 d&#8217;altres casos a m\u00e9s dels bancaris, oferint aix\u00ed una atenci\u00f3 i assessorament integral per mitj\u00e0 d&#8217;un equip multidisciplinar d&#8217;advocats.<\/p>\n<p>Et convidem a que ens consultis qualsevol tipus de dubte o problema legal per tal de poder assessorar-te de forma personalitzada, restem sempre al teu servei.<\/p>\n\t\t<\/div>\n\t\t\n<style>\n#col-1147070457 > .col-inner {\n  padding: 0px 0px 0px 0;\n}\n@media (min-width:550px) {\n  #col-1147070457 > .col-inner {\n    padding: 0px 0px 0px 30px;\n  }\n}\n<\/style>\n\t<\/div>\n\n\t\n<\/div>\n\t<section class=\"section\" id=\"section_1276729920\">\n\t\t<div class=\"bg section-bg fill bg-fill  bg-loaded\" >\n\n\t\t\t\n\t\t\t\n\t\t\t\n\n\t\t<\/div>\n\n\t\t<div class=\"section-content relative\">\n\t\t\t\n<div class=\"row\" style=\"max-width:1200px\" id=\"row-144664688\">\n\n\t<div id=\"col-1415028440\" class=\"col small-12 large-12\"  >\n\t\t<div class=\"col-inner\"  >\n\t\t\t\n\t\t\t\n<p><H3 style=\"font-size: 14px; font-color: #555;\">BATLLE &amp; FERRER ADVOCATS<\/H3><\/p>\n<h2>El nostre equip hum\u00e0<\/h2>\n\t\t<\/div>\n\t\t\t<\/div>\n\n\t\n<\/div>\n<div class=\"row row-large row-solid\" style=\"max-width:1200px\" id=\"row-862950755\">\n\n\t<div id=\"col-1381823126\" class=\"col medium-10 small-12 large-12\"  >\n\t\t<div class=\"col-inner\"  >\n\t\t\t\n\t\t\t\n\n\t\t<div class=\"icon-box featured-box icon-box-left text-left\"  >\n\t\t\t\t\t<div class=\"icon-box-img\" style=\"width: 69px\">\n\t\t\t\t<div class=\"icon\">\n\t\t\t\t\t<div class=\"icon-inner\" >\n\t\t\t\t\t\t<img decoding=\"async\" width=\"120\" height=\"120\" src=\"https:\/\/www.batlleferrerabogados.com\/wp-content\/uploads\/2021\/03\/check-line.png\" class=\"attachment-medium size-medium\" alt=\"\">\t\t\t\t\t<\/div>\n\t\t\t\t<\/div>\n\t\t\t<\/div>\n\t\t\t\t<div class=\"icon-box-text last-reset\">\n\t\t\t\t\t\t\t\t\t\n<blockquote>\n<p>L&#8217;equip de BATLLE FERRER ADVOCATS l&#8217;integrem advocats amb \u00e0mplia experi\u00e8ncia a les principals \u00e0rees de Dret Civil, Penal, Laboral, Immobiliari, Mercantil i Concursal a m\u00e9s d&#8217;altres temes relacionats.<\/p>\n<p>Aconseguir els resultats proposats als nostres clients, ajudant-los a resoldre les dificultats de la seva situaci\u00f3, \u00e9s el que ens motiva i empeny a continuar treballant cada dia amb m\u00e9s persist\u00e8ncia i efic\u00e0cia.<\/p>\n<\/blockquote>\n\t\t<\/div>\n\t<\/div>\n\t\n\t\n\t<div id=\"gap-199192074\" class=\"gap-element clearfix\" style=\"display:block; height:auto;\">\n\t\t\n<style>\n#gap-199192074 {\n  padding-top: 30px;\n}\n<\/style>\n\t<\/div>\n\t\n\t<div id=\"gap-1290394807\" class=\"gap-element clearfix\" style=\"display:block; height:auto;\">\n\t\t\n<style>\n#gap-1290394807 {\n  padding-top: 30px;\n}\n<\/style>\n\t<\/div>\n\t\n\t\t<\/div>\n\t\t\n<style>\n#col-1381823126 > .col-inner {\n  padding: 0px 0 0px 0px;\n}\n@media (min-width:850px) {\n  #col-1381823126 > .col-inner {\n    padding: 0px 40px 0px 0px;\n  }\n}\n<\/style>\n\t<\/div>\n\n\t\n<\/div>\n\t<div id=\"gap-468972221\" class=\"gap-element clearfix\" style=\"display:block; height:auto;\">\n\t\t\n<style>\n#gap-468972221 {\n  padding-top: 30px;\n}\n<\/style>\n\t<\/div>\n\t\n\t\t<\/div>\n\n\t\t\n<style>\n#section_1276729920 {\n  padding-top: 80px;\n  padding-bottom: 80px;\n  background-color: rgb(242, 238, 241);\n}\n<\/style>\n\t<\/section>\n\t\n\n  <div class=\"banner has-hover\" id=\"banner-91959440\">\n          <div class=\"banner-inner fill\">\n        <div class=\"banner-bg fill\" >\n            <div class=\"bg fill bg-fill \"><\/div>\n                        <div class=\"overlay\"><\/div>            \n                    <\/div>\n        <div class=\"banner-layers container\">\n            <div class=\"fill banner-link\"><\/div>            \n   <div id=\"text-box-1948607718\" class=\"text-box banner-layer x50 md-x50 lg-x50 y50 md-y50 lg-y50 res-text\">\n                                <div class=\"text dark\">\n              \n              <div class=\"text-inner text-center\">\n                  \n<h2>El millor equip al teu servei<\/h2>\n<p>ADVOCATS, ADMINISTRADORS CONCURSALS i ECONOMISTES<br \/>\nExperts en PROCEDIMENTS d&#8217;INSOLV\u00c8NCIA i REESTRUCTURACI\u00d3 de DEUTES<\/p>\n<a href=\"https:\/\/www.batlleferrerabogados.com\/contacto\/\" target=\"_self\" class=\"button white is-large\"  style=\"border-radius:10px;\">\n    <span>PARLEM DEL TEU CAS<\/span>\n  <\/a>\n\n\t<div id=\"gap-147120759\" class=\"gap-element clearfix\" style=\"display:block; height:auto;\">\n\t\t\n<style>\n#gap-147120759 {\n  padding-top: 20px;\n}\n<\/style>\n\t<\/div>\n\t\n              <\/div>\n           <\/div>\n                            \n<style>\n#text-box-1948607718 {\n  width: 82%;\n}\n#text-box-1948607718 .text {\n  font-size: 100%;\n}\n@media (min-width:550px) {\n  #text-box-1948607718 {\n    width: 60%;\n  }\n}\n<\/style>\n    <\/div>\n \n        <\/div>\n      <\/div>\n\n            \n<style>\n#banner-91959440 {\n  padding-top: 390px;\n  background-color: #003056;\n}\n#banner-91959440 .overlay {\n  background-color: rgba(0,0,0,.5);\n}\n@media (min-width:550px) {\n  #banner-91959440 {\n    padding-top: 400px;\n  }\n}\n<\/style>\n  <\/div>\n\n\n","protected":false},"excerpt":{"rendered":"","protected":false},"author":2,"featured_media":0,"parent":0,"menu_order":0,"comment_status":"closed","ping_status":"closed","template":"page-blank.php","meta":{"content-type":"","_joinchat":[],"footnotes":""},"class_list":["post-395","page","type-page","status-publish","hentry"],"_links":{"self":[{"href":"https:\/\/www.batlleferrerabogados.com\/ca\/wp-json\/wp\/v2\/pages\/395","targetHints":{"allow":["GET"]}}],"collection":[{"href":"https:\/\/www.batlleferrerabogados.com\/ca\/wp-json\/wp\/v2\/pages"}],"about":[{"href":"https:\/\/www.batlleferrerabogados.com\/ca\/wp-json\/wp\/v2\/types\/page"}],"author":[{"embeddable":true,"href":"https:\/\/www.batlleferrerabogados.com\/ca\/wp-json\/wp\/v2\/users\/2"}],"replies":[{"embeddable":true,"href":"https:\/\/www.batlleferrerabogados.com\/ca\/wp-json\/wp\/v2\/comments?post=395"}],"version-history":[{"count":5,"href":"https:\/\/www.batlleferrerabogados.com\/ca\/wp-json\/wp\/v2\/pages\/395\/revisions"}],"predecessor-version":[{"id":1777,"href":"https:\/\/www.batlleferrerabogados.com\/ca\/wp-json\/wp\/v2\/pages\/395\/revisions\/1777"}],"wp:attachment":[{"href":"https:\/\/www.batlleferrerabogados.com\/ca\/wp-json\/wp\/v2\/media?parent=395"}],"curies":[{"name":"wp","href":"https:\/\/api.w.org\/{rel}","templated":true}]}}