{"id":400,"date":"2021-04-23T09:05:54","date_gmt":"2021-04-23T09:05:54","guid":{"rendered":"https:\/\/www.batlleferrerabogados.com\/?page_id=400"},"modified":"2025-11-12T12:30:30","modified_gmt":"2025-11-12T12:30:30","slug":"targetes-revolving","status":"publish","type":"page","link":"https:\/\/www.batlleferrerabogados.com\/ca\/targetes-revolving\/","title":{"rendered":"Targetes Revolving"},"content":{"rendered":"\n  <div class=\"banner has-hover\" id=\"banner-561876263\">\n          <div class=\"banner-inner fill\">\n        <div class=\"banner-bg fill\" >\n            <div class=\"bg fill bg-fill \"><\/div>\n                        <div class=\"overlay\"><\/div>            \n                    <\/div>\n        <div class=\"banner-layers container\">\n            <div class=\"fill banner-link\"><\/div>            \n   <div id=\"text-box-1863789120\" class=\"text-box banner-layer x10 md-x0 lg-x0 y90 md-y90 lg-y90 res-text\">\n                                <div class=\"text dark\">\n              \n              <div class=\"text-inner text-left\">\n                  \n<h1><span style=\"font-size: 115%;\"><strong>Targetes Revolving<\/strong><\/span><\/h1>\n<p><span style=\"font-size: 140%;\">Reclamaci\u00f3 d&#8217;interessos abusius no informats<\/span><\/p>\n<a href=\"https:\/\/www.batlleferrerabogados.com\/contacto\/\" target=\"_self\" class=\"button white is-large\" style=\"border-radius:10px;\">\n    <span>T'AJUDEM<\/span>\n  <\/a>\n\n              <\/div>\n           <\/div>\n                            \n<style>\n#text-box-1863789120 .text-inner {\n  padding: 0px 0px 0px 0px;\n}\n#text-box-1863789120 {\n  width: 60%;\n}\n#text-box-1863789120 .text {\n  font-size: 100%;\n}\n<\/style>\n    <\/div>\n \n        <\/div>\n      <\/div>\n\n            \n<style>\n#banner-561876263 {\n  padding-top: 496px;\n}\n#banner-561876263 .bg.bg-loaded {\n  background-image: url(https:\/\/www.batlleferrerabogados.com\/wp-content\/uploads\/2021\/04\/tarjetas-revolving-1024x427.jpg);\n}\n#banner-561876263 .overlay {\n  background-color: rgba(0, 0, 0, 0.23);\n}\n@media (min-width:550px) {\n  #banner-561876263 {\n    padding-top: 500px;\n  }\n}\n<\/style>\n  <\/div>\n\n\n\t<section class=\"section\" id=\"section_1419075844\">\n\t\t<div class=\"bg section-bg fill bg-fill  bg-loaded\" >\n\n\t\t\t\n\t\t\t\n\t\t\t\n\n\t\t<\/div>\n\n\t\t<div class=\"section-content relative\">\n\t\t\t\n<div class=\"row align-center\"  id=\"row-440789896\">\n\n\t<div id=\"col-1230033686\" class=\"col small-12 large-12\"  >\n\t\t<div class=\"col-inner text-center\"  >\n\t\t\t\n\t\t\t\n\t<div id=\"gap-1896787841\" class=\"gap-element clearfix\" style=\"display:block; height:auto;\">\n\t\t\n<style>\n#gap-1896787841 {\n  padding-top: 50px;\n}\n<\/style>\n\t<\/div>\n\t\n<h1><span style=\"font-size: 150%;\">Qu\u00e8 s\u00f3n les targetes revolving?<\/span><\/h1>\n<p><span style=\"font-size: 18.72px;\">Diners &#8220;f\u00e0cils&#8221; a un inter\u00e8s abusiu i gaireb\u00e9 mai correctament informat<\/span><\/p>\n\t<div id=\"gap-1897699907\" class=\"gap-element clearfix\" style=\"display:block; height:auto;\">\n\t\t\n<style>\n#gap-1897699907 {\n  padding-top: 30px;\n}\n<\/style>\n\t<\/div>\n\t\n<div class=\"row\"  id=\"row-1424176532\">\n\n\t<div id=\"col-1995596532\" class=\"col medium-6 small-11 large-6\"  >\n\t\t<div class=\"col-inner text-left\"  >\n\t\t\t\n\t\t\t\n<p align=\"justify\">Les targetes revolving es comercialitzen per les diferents entitats financeres com una opci\u00f3 d&#8217;obtenir diners de forma r\u00e0pida i f\u00e0cil davant despeses imprevistes que sorgeixen habitualment al nostre \u00e0mbit dom\u00e8stic, com reparacions o compres urgents, i amb les que tenim la possibilitat de pagar l&#8217;import a terminis i tornar a fer \u00fas del cr\u00e8dit que vagi quedant disponible.<\/p>\n<p align=\"justify\">Per\u00f2 aquestes targetes comporten un ab\u00fas que no sol informar-se, ja que a aquest pagament ajornat se li apliquen interessos alt\u00edssims, de m\u00e9s de un 25%, i es comercialitzen de forma ben poc transparent per Bancs com BBVA o Barclays, fins i tot en grans superf\u00edcies com el Carrefour , Alcampo, en gasolineres com la BP, o tamb\u00e9 a IKEA. Les financeres que m\u00e9s reclamacions acumulen s\u00f3n les conegudes WIZINK o COFIDIS.<\/p>\n\t\t<\/div>\n\t\t\t<\/div>\n\n\t\n\n\t<div id=\"col-782669765\" class=\"col medium-6 small-11 large-6\"  >\n\t\t<div class=\"col-inner text-left\"  >\n\t\t\t\n\t\t\t\n<h3><strong>Potser est\u00e0s pagant una targeta revolving i no ho saps: <\/strong><\/h3>\n<p align=\"justify\">El terme per se de &#8220;targeta revolving&#8221; pot semblar desconegut per a algunes persones, per\u00f2 si parlem de la targeta Cofidis o la targeta Wizink, aleshores ja \u00e9s m\u00e9s conegut el problema dels interessos abusius d&#8217;aquestes targetes.<\/p>\n<p align=\"justify\">El m\u00e9s habitual en aquest tipus de targetes \u00e9s que estiguis pagant una quota mensual alta i portis molt de temps pagant-la, per\u00f2 vagis veient que l&#8217;import del deute no nom\u00e9s no s&#8217;est\u00e0 reduint, sin\u00f3 que va augmentant, aix\u00ed com que el l\u00edmit d&#8217;el cr\u00e8dit tamb\u00e9 vagi augmentant.<\/p>\n<h3><strong>Si et sents identificat\/da, tens una targeta revolving abusiva!<\/strong><\/h3>\n\t\t<\/div>\n\t\t\t<\/div>\n\n\t\n<\/div>\n\t\t<\/div>\n\t\t\t<\/div>\n\n\t\n<\/div>\n\t\t<\/div>\n\n\t\t\n<style>\n#section_1419075844 {\n  padding-top: 4px;\n  padding-bottom: 4px;\n}\n@media (min-width:550px) {\n  #section_1419075844 {\n    padding-top: 0px;\n    padding-bottom: 0px;\n  }\n}\n<\/style>\n\t<\/section>\n\t\n\t<section class=\"section\" id=\"section_1288000955\">\n\t\t<div class=\"bg section-bg fill bg-fill  bg-loaded\" >\n\n\t\t\t\n\t\t\t\n\t\t\t\n\n\t\t<\/div>\n\n\t\t<div class=\"section-content relative\">\n\t\t\t\n<div class=\"row\"  id=\"row-1163011588\">\n\n\t<div id=\"col-1310485143\" class=\"col small-12 large-12\"  >\n\t\t<div class=\"col-inner text-center\"  >\n\t\t\t\n\t\t\t\n\t<div id=\"gap-707108530\" class=\"gap-element clearfix\" style=\"display:block; height:auto;\">\n\t\t\n<style>\n#gap-707108530 {\n  padding-top: 30px;\n}\n<\/style>\n\t<\/div>\n\t\n\t<div id=\"gap-1857524940\" class=\"gap-element clearfix\" style=\"display:block; height:auto;\">\n\t\t\n<style>\n#gap-1857524940 {\n  padding-top: 30px;\n}\n<\/style>\n\t<\/div>\n\t\n<div class=\"row row-full-width\"  id=\"row-1412960038\">\n\n\t<div id=\"col-984141156\" class=\"col medium-6 small-12 large-6\"  >\n\t\t<div class=\"col-inner\"  >\n\t\t\t\n\t\t\t\n<h2><strong>Quin problema tenen les targetes revolving?<\/strong><\/h2>\n<p align=\"justify\">El problema d&#8217;aquest tipus de targetes de cr\u00e8dit \u00e9s doble. En primer lloc, els seus alts tipus d&#8217;inter\u00e8s fan que sigui molt dif\u00edcil poder realitzar les devolucions i, en segon lloc, que les quantitats acordades com a pagaments mensuals acostumen a no \u00e9sser suficients per possibilitar una amortitzaci\u00f3 del principal del deute, el que, en moltes ocasions, obliga a fer ampliacions de disposicions i, per tant, ens endinsem a una mena de cicle vici\u00f3s que va generant un deute que pot resultar inassumible i, com ha afirmat el Ple de l&#8217;Tribunal Suprem (Sent\u00e8ncia n\u00fam 149\/2020, de 4 de mar\u00e7 de 2020), usurer.<\/p>\n<p align=\"justify\">Aix\u00ed, a les advert\u00e8ncies del Banc d&#8217;Espanya envers les targetes revolving, poden suposar que, tot i realitzant el pagament de totes les quotes mensuals (sense impagar cap), amb el temps, el deute pendent no nom\u00e9s no disminueixi, sin\u00f3 que augmenti, s&#8217;ha d&#8217;afegir les consideracions que fa el Tribunal Suprem en la seva recent jurisprud\u00e8ncia, en la qual declara la nul\u00b7litat d&#8217;un contracte de targeta de cr\u00e8dit subscrit entre una consumidora i Wizink Bank, SA, en la qual la TAE era de l&#8217;26,82%, per considerar-la &#8220;notablement superior a l&#8217;inter\u00e8s normal dels diners i obertament desproporcionat amb les circumst\u00e0ncies del cas&#8221;.<\/p>\n<p>En resum, s\u00f3n targetes que aparentment sol\u00b7lucionen el teu problema urgent, per\u00f2 que et mantenen pagant comissions i m\u00e9s comissions sense saldar mai el teu deute, de forma totalment abusiva.<\/p>\n\t\t<\/div>\n\t\t\t<\/div>\n\n\t\n\n\t<div id=\"col-2070538989\" class=\"col medium-6 small-12 large-6\"  >\n\t\t<div class=\"col-inner text-center\"  >\n\t\t\t\n\t\t\t\n<h4 style=\"text-align: center;\"><strong><span style=\"font-size: 150%;\">T&#8217;assessorem sense comprom\u00eds:<\/span><\/strong><\/h4>\n<style type=\"text\/css\">#nex-forms{display:none;}<\/style><div id=\"nf_form_21252\">\r\n\t\t\t\r\n\t\t\t<style type=\"text\/css\">\r\n\t\t\t\r\n\t\t\t\t#nex-forms.contacto_servicios_ca .nf-loader-lds-spinner div:after {background: #40C4FF; }\r\n\t\t\t\t#nex-forms.contacto_servicios_ca .nf-loader-lds-grid div {background: #40C4FF; }\r\n\t\t\t\t#nex-forms.contacto_servicios_ca .nf-loader-lds-ellipsis div { background: #40C4FF;}\r\n\t\t\t\t#nex-forms.contacto_servicios_ca .nf-loader-lds-default div {background: #40C4FF;}\r\n\t\t\t\t#nex-forms.contacto_servicios_ca .nf-loader-lds-roller div:after {background: #40C4FF;}\r\n\t\t\t\t#nex-forms.contacto_servicios_ca .nf-loader-lds-heart div,\r\n\t\t\t\t#nex-forms.contacto_servicios_ca .nf-loader-lds-heart div:after,\r\n\t\t\t\t#nex-forms.contacto_servicios_ca .nf-loader-lds-heart div:before {background: #40C4FF;}\r\n\t\r\n\t\t\t\t\r\n\t\t\t\t#nex-forms.contacto_servicios_ca .nf-loader-lds-facebook div {background: #40C4FF;}\r\n\t\t\t\t#nex-forms.contacto_servicios_ca .nf-loader-lds-circle > div {background: #40C4FF;}\r\n\t\t\t\t\r\n\t\t\t\t#nex-forms.contacto_servicios_ca .nf-loader-lds-dual-ring:after {border: 6px solid #40C4FF;border-color: #40C4FF transparent #40C4FF transparent;}\r\n\t\t\t\t#nex-forms.contacto_servicios_ca .nf-loader-lds-ring div {border: 8px solid #40C4FF;border-color: #40C4FF transparent transparent transparent;}\r\n\t\t\t\t#nex-forms.contacto_servicios_ca .nf-loader-lds-hourglass:after {border: 32px solid #40C4FF;border-color: #40C4FF transparent #40C4FF transparent;}\r\n\t\t\t\t#nex-forms.contacto_servicios_ca .nf-loader-lds-ripple div {border: 4px solid #40C4FF;}\r\n\t\t\t<\/style>\r\n\t\t\t\r\n\t\t\t\r\n\t\t\t<div id=\"nex-forms\" data-loader=\"ellipsis\" data-msg-hide-form=\"yes\" data-msg-position=\"top\" data-msg-placement=\"outside\"  class=\"nex-forms contacto_servicios_ca  \"><div class=\"pre_fill_fields\"><\/div><div class=\"set_form_theme theme-default\"><div class=\"nex_success_message oldv animated\" style=\"display:none;\"><div class=\"success_header\" ><div class=\"success_icon animated\" style=\"display:none;\"><span class=\"fa fa-check\"><\/span><\/div><\/div><div class=\"msg_box\"><div class=\"msg_text\" style=\"display:none;\"><p><img decoding=\"async\" class=\"alignnone size-full wp-image-43 aligncenter\" src=\"https:\/\/www.batlleferrerabogados.com\/wp-content\/uploads\/2021\/01\/batlle-ferrer-abogados-logo.png\" alt=\"\" width=\"284\" height=\"124\"><\/p>\n<p style=\"text-align: center;\"><strong>Gr\u00e0cies per la teva confian\u00e7a.<\/strong><\/p>\n<p style=\"text-align: center;\">Contactarem inmediatament.<\/p>\n<\/div><\/div><\/div><div data-timer-start=\"1\" data-timer-end=\"0\" class=\"inner-canvas-container ui-nex-forms-container ui-nex-forms-container-fe  bootstrap\" id=\"ui-nex-forms-container-3\"  ><div class=\"current_step\" style=\"display:none;\">1<\/div><div class=\"last_visited_step\" style=\"display:none;\">1<\/div><div id=\"the_plugin_url\" style=\"display:none;\">https:\/\/www.batlleferrerabogados.com\/wp-content\/plugins\/nex-forms<\/div><div id=\"nf_save_form_progress\" style=\"display:none;\">false<\/div><div class=\"hidden\" id=\"nf_ajax_url\" style=\"display:none;\">https:\/\/www.batlleferrerabogados.com\/wp-admin\/admin-ajax.php<\/div><div class=\"hidden\" id=\"paypal_return_url\" style=\"display:none;\">https:\/\/www.batlleferrerabogados.com\/ca\/wp-json\/wp\/v2\/pages\/400\/<\/div><div class=\"hidden\" id=\"ms_scroll_to_top\" style=\"display:none;\">yes<\/div><div class=\"v7_container form_type_normal   \" style=\"background: #fff; box-shadow: rgba(0, 0, 0, 0.2) 0px 7px 16px 0px; border-radius: 4px; padding: 30px; border-color:#ddd;\"><div class=\"current_field_on_focus\" style=\"display:none\">1<\/div><form id=\"3\" class=\"submit-nex-form nex-forms-3\" data-form-id=\"3\" name=\"nex_form\" action=\"https:\/\/www.batlleferrerabogados.com\/wp-admin\/admin-ajax.php\" method=\"post\" enctype=\"multipart\/form-data\"><div class=\"step_transition_in\" style=\"display:none;\">fadeIn<\/div><div class=\"step_transition_out\" style=\"display:none;\">fadeOut<\/div><input type=\"hidden\" name=\"nex_forms_Id\" value=\"3\"><input type=\"hidden\" name=\"ip\" value=\"216.73.217.94\"><input type=\"hidden\" name=\"nf_page_id\" value=\"400\"><input type=\"hidden\" name=\"nf_page_title\" value=\"Targetes Revolving\"><input type=\"text\" name=\"company_url\" value=\"\" placeholder=\"enter company url\" class=\"form-control req\">\n\t\t\t\t\t\t\t<div class=\"form_field hidden\" id=\"_18569\" style=\"\" wfd-invisible=\"true\">\n\t\t\t\t\t\t\t\t<input class=\"ms_current_step\" value=\"1\" name=\"ms_current_step\" type=\"hidden\" wfd-invisible=\"true\">\n\t\t\t\t\t\t\t<\/div>\n\t\t\t\t\t\t\t<div class=\"form_field all_fields name preset_fields required has_prefix_icon\" data-settings=\".s-text, .s-v-text\" data-settings-tabs=\"#label-settings, #input-settings, #validation-settings, #animation-settings, #extra-settings\" style=\"margin-bottom: 15px;\" id=\"_32519\"><div class=\"row\"><div class=\"col-sm-12\" id=\"field_container\"><div class=\"row\"><div class=\"label_container align_let align_left col-sm-12\"><label class=\"nf_title \"><span class=\"the_label style_bold\" style=\"font-size: 13px; color: rgb(158, 158, 158);\">*Nom<\/span><\/label><\/div><div class=\"input_container col-sm-12\"><div class=\"input-group\"><span class=\"input-group-addon prefix \" style=\"color: rgb(136, 136, 136); background: rgb(255, 255, 255); border-color: rgb(221, 221, 221);\"><span class=\"fa fas fa-user\" style=\"font-size: 17px;\"><\/span><\/span><input type=\"text\" name=\"nom\" class=\"error_message required  form-control the_input_element  aling_left align_left\" data-onfocus-color=\"#66AFE9\" data-drop-focus-swadow=\"1\" data-placement=\"bottom\" data-content=\"Requerit\" title=\"\" data-secondary-message=\"\" style=\"font-size: 13px; color: rgb(158, 158, 158); background: rgb(255, 255, 255); border-color: rgb(221, 221, 221);\"><\/div><\/div><\/div><\/div><\/div><\/div><div class=\"form_field all_fields phone_number phone_number preset_fields required has_prefix_icon\" data-settings=\".s-text,s-phone, .s-v-text\" data-settings-tabs=\"#label-settings, #input-settings, #validation-settings, #animation-settings, #extra-settings\" style=\"margin-bottom: 15px;\" id=\"_91790\"><div class=\"row\"><div class=\"col-sm-12\" id=\"field_container\"><div class=\"row\"><div class=\"label_container align_let align_left col-sm-12\"><label class=\"nf_title \"><span class=\"the_label style_bold\" style=\"font-size: 13px; color: rgb(158, 158, 158);\">*Tel\u00e8fon<\/span><\/label><\/div><div class=\"input_container col-sm-12\"><div class=\"input-group\"><span class=\"input-group-addon prefix \" style=\"color: rgb(136, 136, 136); background: rgb(255, 255, 255); border-color: rgb(221, 221, 221);\"><span class=\"fa fa fa-phone\" style=\"font-size: 17px;\"><\/span><\/span><input type=\"text\" name=\"tel\u00e8fon\" class=\"error_message required phone_number form-control the_input_element  aling_left align_left\" data-onfocus-color=\"#66AFE9\" data-drop-focus-swadow=\"1\" data-placement=\"bottom\" data-content=\"Requerit\" title=\"\" data-secondary-message=\"N\u00famero no v\u00e0lid\" style=\"font-size: 13px; color: rgb(158, 158, 158); background: rgb(255, 255, 255); border-color: rgb(221, 221, 221);\"><\/div><\/div><\/div><\/div><\/div><\/div><div class=\"form_field all_fields email email preset_fields required has_prefix_icon\" data-settings=\".s-text, .s-v-text\" data-settings-tabs=\"#label-settings, #input-settings, #validation-settings, #animation-settings, #extra-settings\" style=\"margin-bottom: 15px;\" id=\"_48720\"><div class=\"row\"><div class=\"col-sm-12\" id=\"field_container\"><div class=\"row\"><div class=\"label_container align_let align_left col-sm-12\"><label class=\"nf_title \"><span class=\"the_label style_bold\" style=\"font-size: 13px; color: rgb(158, 158, 158);\">*Email<\/span><\/label><\/div><div class=\"input_container col-sm-12\"><div class=\"input-group\"><span class=\"input-group-addon prefix \" style=\"color: rgb(136, 136, 136); background: rgb(255, 255, 255); border-color: rgb(221, 221, 221);\"><span class=\"fa fas fa-envelope\" style=\"font-size: 17px;\"><\/span><\/span><input type=\"text\" name=\"email\" class=\"error_message required email form-control the_input_element  aling_left align_left\" data-onfocus-color=\"#66AFE9\" data-drop-focus-swadow=\"1\" data-placement=\"bottom\" data-content=\"Requerit\" title=\"\" data-secondary-message=\"Email no v\u00e0lid\" style=\"font-size: 13px; color: rgb(158, 158, 158); background: rgb(255, 255, 255); border-color: rgb(221, 221, 221);\"><\/div><\/div><\/div><\/div><\/div><\/div><div class=\"form_field all_fields multi-select selection_fields required\" data-settings=\".s-select\" data-settings-tabs=\"#label-settings, #input-settings, #validation-settings, #animation-settings, #extra-settings\" style=\"margin-bottom: 15px; position: relative; top: 0px;\" id=\"_96317\"><div class=\"row\"><div class=\"col-sm-12\" id=\"field_container\"><div class=\"row\"><div class=\"label_container align_let align_left col-sm-12\"><label class=\"nf_title \"><span class=\"the_label style_bold\" style=\"font-size: 13px; color: rgb(158, 158, 158);\">*\u00c0rea d'Inter\u00e8s<\/span><\/label><\/div><div class=\"input_container col-sm-12\"><select name=\"\u00e0rea_dinter\u00e8s[]\" multiple=\"\" class=\"the_input_element error_message text pre-format form-control  aling_left align_left required\" data-content=\"Si us plau, fes una sel\u00b7lecci\u00f3\" style=\"font-size: 13px; color: rgb(158, 158, 158); background: rgb(255, 255, 255); border-color: rgb(221, 221, 221);\" data-default-selected-value=\"0\" data-required=\"true\"><option value=\"0\" selected=\"selected\">--- Seleccionar---<\/option><option value=\"Segunda Oportunidad\">Segunda Oportunidad<\/option><option value=\"Accidente de Tr\u00e1fico\">Accidente de Tr\u00e1fico<\/option><option value=\"Derecho Bancario\">Derecho Bancario<\/option><option value=\"Derecho Civil\">Derecho Civil<\/option><option value=\"Otros\">Otros<\/option><\/select><\/div><\/div><\/div><\/div><\/div><div class=\"form_field all_fields textarea common_fields\" data-settings=\".s-text, .s-texarea, .s-v-text\" data-settings-tabs=\"#label-settings, #input-settings, #validation-settings, #animation-settings, #extra-settings\" style=\"margin-bottom: 15px; position: relative; top: 0px;\" id=\"_56883\"><div class=\"row\"><div class=\"col-sm-12\" id=\"field_container\"><div class=\"row\"><div class=\"label_container align_let align_left col-sm-12\"><label class=\"nf_title \"><span class=\"the_label style_bold\" style=\"font-size: 13px; color: rgb(158, 158, 158);\">Detalls adicionals (opcional)<\/span><\/label><\/div><div class=\"input_container col-sm-12\"><textarea name=\"detalls_adicionals_opcional\" placeholder=\"\" data-maxlength-color=\"label label-success\" data-maxlength-position=\"bottom\" data-maxlength-show=\"false\" data-default-value=\"\" class=\"error_message the_input_element textarea pre-format form-control  aling_left align_left\" data-onfocus-color=\"#66AFE9\" data-drop-focus-swadow=\"1\" data-placement=\"bottom\" data-content=\"Required\" title=\"\" style=\"font-size: 13px; color: rgb(158, 158, 158); background: rgb(255, 255, 255); border-color: rgb(221, 221, 221);\"><\/textarea><\/div><\/div><\/div><\/div><\/div><div class=\"form_field all_fields check-group common_fields selection_fields required radio-group\" data-settings=\".s-checks\" data-settings-tabs=\"#label-settings, #input-settings, #validation-settings, #animation-settings, #extra-settings\" style=\"margin-bottom: 15px;\" id=\"_76168\"><div class=\"row\"><div class=\"col-sm-12\" id=\"field_container\"><div class=\"row\"><div class=\"input_holder radio-group\"><div class=\"label_container align_let align_left col-sm-12\"><label class=\"nf_title \"><span class=\"the_label style_bold\" style=\"font-size: 13px; color: rgb(158, 158, 158);\">*Protecci\u00f3 de Dades<\/span><\/label><\/div><div class=\"the-radios input_container error_message col-sm-12\" id=\"the-radios\" data-checked-color=\"alert-success\" data-checked-class=\"fa-check\" data-unchecked-class=\"\" data-placement=\"bottom\" data-content=\"Requerido\" title=\"\"><div class=\"input-inner\"><label class=\"checkbox-inline radio-inline\" for=\"protecci\u00f3n_de_datos_acepto_que_mis_datos_sean_tratados_para_la_finalidad_espec\u00edfica_de_ofrecerme_un_servicio_de_mi_inter\u00e9s_en_base_a_la_pol\u00edcita_de_privacidad_de_batlle__ferrer_abogados\"><span class=\"has-pretty-child\"><div class=\"clearfix prettycheckbox labelright blue has-pretty-child\"><input class=\"check the_input_element required\" type=\"checkbox\" name=\"protecci\u00f3_de_dades[]\" id=\"protecci\u00f3n_de_datos_acepto_que_mis_datos_sean_tratados_para_la_finalidad_espec\u00edfica_de_ofrecerme_un_servicio_de_mi_inter\u00e9s_en_base_a_la_pol\u00edcita_de_privacidad_de_batlle__ferrer_abogados\" value=\"Acepto que mis datos sean tratados para la finalidad espec\u00edfica de ofrecerme un servicio de mi inter\u00e9s en base a la Pol\u00edcita de Privacidad de Batlle &amp; Ferrer Abogados.\" style=\"display: none;\" wfd-invisible=\"true\"><a class=\"fa ui-state-default\"><\/a><\/div><span class=\"input-label check-label\">Acepto que mis datos sean tratados para la finalidad espec\u00edfica de ofrecerme un servicio de mi inter\u00e9s en base a la Pol\u00edcita de Privacidad de Batlle &amp; Ferrer Abogados.<\/span><\/span><\/label><\/div><\/div><\/div><\/div><\/div><\/div><\/div><div class=\"form_field all_fields submit-button the_submit button_fields common_fields preset_fields special_fields selection_fields\" data-settings=\".s-submit\" data-settings-tabs=\"#input-settings, #animation-settings, #extra-settings\" style=\"margin-bottom: 15px;\" id=\"_8887\"><div class=\"row\"><div class=\"col-sm-12\" id=\"field_container\"><div class=\"row\"><div class=\"col-sm-12 input_container align_center\"><button class=\"nex-submit svg_ready the_input_element btn btn-default btn-lg\" data-ga=\"\" style=\"font-size: 20px;\">Enviar Dades<\/button><\/div><\/div><\/div><\/div><\/div>Powered by <a href=\"https:\/\/1.envato.market\/zQ6de\" target=\"_blank\" rel=\"noopener\">NEX-Forms<\/a><\/form><\/div><\/div><\/div><\/div><\/div><style type=\"text\/css\" class=\"nex-forms-custom-css\"><\/style>\n\t\t<\/div>\n\t\t\t<\/div>\n\n\t\n<\/div>\n<div class=\"row\"  id=\"row-100213960\">\n\n\t<div id=\"col-1168642713\" class=\"col small-12 large-12\"  >\n\t\t<div class=\"col-inner\"  >\n\t\t\t\n\t\t\t\n<h3 style=\"text-align: left;\"><span style=\"font-size: 150%;\"><strong>Com et podem ajudar?<\/strong><\/span><\/h3>\n<p align=\"justify\">Presentant una reclamaci\u00f3 per tal de recuperar els diners cobrats per la targeta revolving. El primer pas ser\u00e0 acabar amb el contracte vigent (si no ha finalitzat). En segon lloc, ens focalitzarem en cancel\u00b7lar el deute pendent, i finalment, recuperarem per a tu els diners pagats de forma abusiva per interessos, comissions, primes d&#8217;assegurances, etc.<\/p>\n<p><strong>Posa&#8217;t en contacte amb nosaltres i farem aquest proc\u00e9s per tu. \u00a0<\/strong><\/p>\n\t\t<\/div>\n\t\t\t<\/div>\n\n\t\n<\/div>\n\t\t<\/div>\n\t\t\t<\/div>\n\n\t\n<\/div>\n\t\t<\/div>\n\n\t\t\n<style>\n#section_1288000955 {\n  padding-top: 60px;\n  padding-bottom: 60px;\n  background-color: rgb(244, 244, 244);\n}\n@media (min-width:550px) {\n  #section_1288000955 {\n    padding-top: 0px;\n    padding-bottom: 0px;\n  }\n}\n<\/style>\n\t<\/section>\n\t\n\n  <div class=\"banner has-hover\" id=\"banner-1134570070\">\n          <div class=\"banner-inner fill\">\n        <div class=\"banner-bg fill\" >\n            <div class=\"bg fill bg-fill \"><\/div>\n                        <div class=\"overlay\"><\/div>            \n                    <\/div>\n        <div class=\"banner-layers container\">\n            <div class=\"fill banner-link\"><\/div>            \n   <div id=\"text-box-565384569\" class=\"text-box banner-layer x50 md-x50 lg-x50 y50 md-y50 lg-y50 res-text\">\n                                <div class=\"text dark\">\n              \n              <div class=\"text-inner text-center\">\n                  \n<h2>Reclamem la teva Targeta Revolving<\/h2>\n<p>ADVOCATS, ADMINISTRADORS CONCURSALS i ECONOMISTES<br \/>\nExperts en PROCEDIMENTS d&#8217; INSOLV\u00c8NCIA i REESTRUCTURACI\u00d3 de DEUTES<\/p>\n<a href=\"https:\/\/www.batlleferrerabogados.com\/contacto\/\" target=\"_self\" class=\"button white is-large\" style=\"border-radius:10px;\">\n    <span>PARLEM DEL TEU CAS<\/span>\n  <\/a>\n\n\t<div id=\"gap-1754084307\" class=\"gap-element clearfix\" style=\"display:block; height:auto;\">\n\t\t\n<style>\n#gap-1754084307 {\n  padding-top: 20px;\n}\n<\/style>\n\t<\/div>\n\t\n              <\/div>\n           <\/div>\n                            \n<style>\n#text-box-565384569 {\n  width: 70%;\n}\n#text-box-565384569 .text {\n  font-size: 100%;\n}\n@media (min-width:550px) {\n  #text-box-565384569 {\n    width: 60%;\n  }\n}\n<\/style>\n    <\/div>\n \n        <\/div>\n      <\/div>\n\n            \n<style>\n#banner-1134570070 {\n  padding-top: 390px;\n  background-color: #003056;\n}\n#banner-1134570070 .overlay {\n  background-color: rgba(0,0,0,.5);\n}\n@media (min-width:550px) {\n  #banner-1134570070 {\n    padding-top: 400px;\n  }\n}\n<\/style>\n  <\/div>\n\n\n","protected":false},"excerpt":{"rendered":"","protected":false},"author":2,"featured_media":0,"parent":0,"menu_order":0,"comment_status":"closed","ping_status":"closed","template":"page-blank.php","meta":{"content-type":"","_joinchat":[],"footnotes":""},"class_list":["post-400","page","type-page","status-publish","hentry"],"_links":{"self":[{"href":"https:\/\/www.batlleferrerabogados.com\/ca\/wp-json\/wp\/v2\/pages\/400","targetHints":{"allow":["GET"]}}],"collection":[{"href":"https:\/\/www.batlleferrerabogados.com\/ca\/wp-json\/wp\/v2\/pages"}],"about":[{"href":"https:\/\/www.batlleferrerabogados.com\/ca\/wp-json\/wp\/v2\/types\/page"}],"author":[{"embeddable":true,"href":"https:\/\/www.batlleferrerabogados.com\/ca\/wp-json\/wp\/v2\/users\/2"}],"replies":[{"embeddable":true,"href":"https:\/\/www.batlleferrerabogados.com\/ca\/wp-json\/wp\/v2\/comments?post=400"}],"version-history":[{"count":1,"href":"https:\/\/www.batlleferrerabogados.com\/ca\/wp-json\/wp\/v2\/pages\/400\/revisions"}],"predecessor-version":[{"id":1583,"href":"https:\/\/www.batlleferrerabogados.com\/ca\/wp-json\/wp\/v2\/pages\/400\/revisions\/1583"}],"wp:attachment":[{"href":"https:\/\/www.batlleferrerabogados.com\/ca\/wp-json\/wp\/v2\/media?parent=400"}],"curies":[{"name":"wp","href":"https:\/\/api.w.org\/{rel}","templated":true}]}}